{"id":10839,"date":"2023-01-24T19:04:46","date_gmt":"2023-01-24T19:04:46","guid":{"rendered":"https:\/\/ingenia.app\/intep\/?page_id=10839"},"modified":"2023-02-20T11:48:25","modified_gmt":"2023-02-20T16:48:25","slug":"obligacion-de-reporte-informacion-especifica","status":"publish","type":"page","link":"https:\/\/intep.edu.co\/portal\/transparencia-y-acceso-a-la-informacion-publica\/obligacion-de-reporte-informacion-especifica\/","title":{"rendered":"Obligaci\u00f3n de Reporte Informaci\u00f3n Espec\u00edfica"},"content":{"rendered":"","protected":false},"excerpt":{"rendered":"","protected":false},"author":1,"featured_media":0,"parent":10657,"menu_order":0,"comment_status":"closed","ping_status":"closed","template":"","meta":{"_price":"","_stock":"","_tribe_ticket_header":"","_tribe_default_ticket_provider":"","_ticket_start_date":"","_ticket_end_date":"","_tribe_ticket_show_description":"","_tribe_ticket_show_not_going":false,"_tribe_ticket_use_global_stock":"","_tribe_ticket_global_stock_level":"","_global_stock_mode":"","_global_stock_cap":"","_tribe_rsvp_for_event":"","_tribe_ticket_going_count":"","_tribe_ticket_not_going_count":"","_tribe_tickets_list":"[]","_tribe_ticket_has_attendee_info_fields":false,"footnotes":"","_tec_slr_enabled":"","_tec_slr_layout":""},"class_list":["post-10839","page","type-page","status-publish","hentry"],"ticketed":false,"_links":{"self":[{"href":"https:\/\/intep.edu.co\/portal\/wp-json\/wp\/v2\/pages\/10839","targetHints":{"allow":["GET"]}}],"collection":[{"href":"https:\/\/intep.edu.co\/portal\/wp-json\/wp\/v2\/pages"}],"about":[{"href":"https:\/\/intep.edu.co\/portal\/wp-json\/wp\/v2\/types\/page"}],"author":[{"embeddable":true,"href":"https:\/\/intep.edu.co\/portal\/wp-json\/wp\/v2\/users\/1"}],"replies":[{"embeddable":true,"href":"https:\/\/intep.edu.co\/portal\/wp-json\/wp\/v2\/comments?post=10839"}],"version-history":[{"count":4,"href":"https:\/\/intep.edu.co\/portal\/wp-json\/wp\/v2\/pages\/10839\/revisions"}],"predecessor-version":[{"id":14186,"href":"https:\/\/intep.edu.co\/portal\/wp-json\/wp\/v2\/pages\/10839\/revisions\/14186"}],"up":[{"embeddable":true,"href":"https:\/\/intep.edu.co\/portal\/wp-json\/wp\/v2\/pages\/10657"}],"wp:attachment":[{"href":"https:\/\/intep.edu.co\/portal\/wp-json\/wp\/v2\/media?parent=10839"}],"curies":[{"name":"wp","href":"https:\/\/api.w.org\/{rel}","templated":true}]}}