{"id":32425,"date":"2025-12-18T09:48:48","date_gmt":"2025-12-18T14:48:48","guid":{"rendered":"https:\/\/intep.edu.co\/portal\/?page_id=32425"},"modified":"2025-12-18T09:48:50","modified_gmt":"2025-12-18T14:48:50","slug":"grupo-interinstitucional-para-el-desarrollo-de-la-investigacion-en-la-formacion-tecnica-profesional-tecnologica-y-profesional-universitaria-categoria-c","status":"publish","type":"page","link":"https:\/\/intep.edu.co\/portal\/grupo-interinstitucional-para-el-desarrollo-de-la-investigacion-en-la-formacion-tecnica-profesional-tecnologica-y-profesional-universitaria-categoria-c\/","title":{"rendered":"Grupo interinstitucional para el desarrollo de la investigaci\u00f3n en la formaci\u00f3n t\u00e9cnica profesional, tecnol\u00f3gica y profesional universitaria \u2013 Categor\u00eda C"},"content":{"rendered":"","protected":false},"excerpt":{"rendered":"","protected":false},"author":4,"featured_media":0,"parent":0,"menu_order":0,"comment_status":"closed","ping_status":"closed","template":"","meta":{"_price":"","_stock":"","_tribe_ticket_header":"","_tribe_default_ticket_provider":"","_ticket_start_date":"","_ticket_end_date":"","_tribe_ticket_show_description":"","_tribe_ticket_show_not_going":false,"_tribe_ticket_use_global_stock":"","_tribe_ticket_global_stock_level":"","_global_stock_mode":"","_global_stock_cap":"","_tribe_rsvp_for_event":"","_tribe_ticket_going_count":"","_tribe_ticket_not_going_count":"","_tribe_tickets_list":"[]","_tribe_ticket_has_attendee_info_fields":false,"footnotes":"","_tec_slr_enabled":"","_tec_slr_layout":""},"class_list":["post-32425","page","type-page","status-publish","hentry"],"ticketed":false,"_links":{"self":[{"href":"https:\/\/intep.edu.co\/portal\/wp-json\/wp\/v2\/pages\/32425","targetHints":{"allow":["GET"]}}],"collection":[{"href":"https:\/\/intep.edu.co\/portal\/wp-json\/wp\/v2\/pages"}],"about":[{"href":"https:\/\/intep.edu.co\/portal\/wp-json\/wp\/v2\/types\/page"}],"author":[{"embeddable":true,"href":"https:\/\/intep.edu.co\/portal\/wp-json\/wp\/v2\/users\/4"}],"replies":[{"embeddable":true,"href":"https:\/\/intep.edu.co\/portal\/wp-json\/wp\/v2\/comments?post=32425"}],"version-history":[{"count":2,"href":"https:\/\/intep.edu.co\/portal\/wp-json\/wp\/v2\/pages\/32425\/revisions"}],"predecessor-version":[{"id":32428,"href":"https:\/\/intep.edu.co\/portal\/wp-json\/wp\/v2\/pages\/32425\/revisions\/32428"}],"wp:attachment":[{"href":"https:\/\/intep.edu.co\/portal\/wp-json\/wp\/v2\/media?parent=32425"}],"curies":[{"name":"wp","href":"https:\/\/api.w.org\/{rel}","templated":true}]}}