{"id":33535,"date":"2026-02-03T19:56:23","date_gmt":"2026-02-04T00:56:23","guid":{"rendered":"https:\/\/intep.edu.co\/portal\/?page_id=33535"},"modified":"2026-02-04T11:17:20","modified_gmt":"2026-02-04T16:17:20","slug":"capacitacion-para-empleos-del-estado-por-merito-con-la-comision-nacional-de-servicio-civil-cnsc","status":"publish","type":"page","link":"https:\/\/intep.edu.co\/portal\/capacitacion-para-empleos-del-estado-por-merito-con-la-comision-nacional-de-servicio-civil-cnsc\/","title":{"rendered":"Capacitaci\u00f3n para Empleos del Estado por M\u00e9rito con la Comisi\u00f3n Nacional de Servicio Civil &#8211; CNSC"},"content":{"rendered":"","protected":false},"excerpt":{"rendered":"","protected":false},"author":4,"featured_media":0,"parent":0,"menu_order":0,"comment_status":"closed","ping_status":"closed","template":"","meta":{"_price":"","_stock":"","_tribe_ticket_header":"","_tribe_default_ticket_provider":"","_ticket_start_date":"","_ticket_end_date":"","_tribe_ticket_show_description":"","_tribe_ticket_show_not_going":false,"_tribe_ticket_use_global_stock":"","_tribe_ticket_global_stock_level":"","_global_stock_mode":"","_global_stock_cap":"","_tribe_rsvp_for_event":"","_tribe_ticket_going_count":"","_tribe_ticket_not_going_count":"","_tribe_tickets_list":"[]","_tribe_ticket_has_attendee_info_fields":false,"footnotes":"","_tec_slr_enabled":"","_tec_slr_layout":""},"class_list":["post-33535","page","type-page","status-publish","hentry"],"ticketed":false,"_links":{"self":[{"href":"https:\/\/intep.edu.co\/portal\/wp-json\/wp\/v2\/pages\/33535","targetHints":{"allow":["GET"]}}],"collection":[{"href":"https:\/\/intep.edu.co\/portal\/wp-json\/wp\/v2\/pages"}],"about":[{"href":"https:\/\/intep.edu.co\/portal\/wp-json\/wp\/v2\/types\/page"}],"author":[{"embeddable":true,"href":"https:\/\/intep.edu.co\/portal\/wp-json\/wp\/v2\/users\/4"}],"replies":[{"embeddable":true,"href":"https:\/\/intep.edu.co\/portal\/wp-json\/wp\/v2\/comments?post=33535"}],"version-history":[{"count":3,"href":"https:\/\/intep.edu.co\/portal\/wp-json\/wp\/v2\/pages\/33535\/revisions"}],"predecessor-version":[{"id":33587,"href":"https:\/\/intep.edu.co\/portal\/wp-json\/wp\/v2\/pages\/33535\/revisions\/33587"}],"wp:attachment":[{"href":"https:\/\/intep.edu.co\/portal\/wp-json\/wp\/v2\/media?parent=33535"}],"curies":[{"name":"wp","href":"https:\/\/api.w.org\/{rel}","templated":true}]}}