{"id":33631,"date":"2026-02-06T11:00:03","date_gmt":"2026-02-06T16:00:03","guid":{"rendered":"https:\/\/intep.edu.co\/portal\/?page_id=33631"},"modified":"2026-02-06T11:00:05","modified_gmt":"2026-02-06T16:00:05","slug":"convocatoria-interna-31-verano-de-la-investigacion-cientifica-y-tecnologica-del-pacifico-programa-delfin-2026","status":"publish","type":"page","link":"https:\/\/intep.edu.co\/portal\/convocatoria-interna-31-verano-de-la-investigacion-cientifica-y-tecnologica-del-pacifico-programa-delfin-2026\/","title":{"rendered":"Convocatoria Interna: 31\u00b0 Verano de la Investigaci\u00f3n Cient\u00edfica y Tecnol\u00f3gica del Pac\u00edfico &#8211; Programa Delf\u00edn 2026"},"content":{"rendered":"","protected":false},"excerpt":{"rendered":"","protected":false},"author":4,"featured_media":33632,"parent":0,"menu_order":0,"comment_status":"closed","ping_status":"closed","template":"","meta":{"_price":"","_stock":"","_tribe_ticket_header":"","_tribe_default_ticket_provider":"","_ticket_start_date":"","_ticket_end_date":"","_tribe_ticket_show_description":"","_tribe_ticket_show_not_going":false,"_tribe_ticket_use_global_stock":"","_tribe_ticket_global_stock_level":"","_global_stock_mode":"","_global_stock_cap":"","_tribe_rsvp_for_event":"","_tribe_ticket_going_count":"","_tribe_ticket_not_going_count":"","_tribe_tickets_list":"[]","_tribe_ticket_has_attendee_info_fields":false,"footnotes":"","_tec_slr_enabled":"","_tec_slr_layout":""},"class_list":["post-33631","page","type-page","status-publish","has-post-thumbnail","hentry"],"ticketed":false,"_links":{"self":[{"href":"https:\/\/intep.edu.co\/portal\/wp-json\/wp\/v2\/pages\/33631","targetHints":{"allow":["GET"]}}],"collection":[{"href":"https:\/\/intep.edu.co\/portal\/wp-json\/wp\/v2\/pages"}],"about":[{"href":"https:\/\/intep.edu.co\/portal\/wp-json\/wp\/v2\/types\/page"}],"author":[{"embeddable":true,"href":"https:\/\/intep.edu.co\/portal\/wp-json\/wp\/v2\/users\/4"}],"replies":[{"embeddable":true,"href":"https:\/\/intep.edu.co\/portal\/wp-json\/wp\/v2\/comments?post=33631"}],"version-history":[{"count":2,"href":"https:\/\/intep.edu.co\/portal\/wp-json\/wp\/v2\/pages\/33631\/revisions"}],"predecessor-version":[{"id":33636,"href":"https:\/\/intep.edu.co\/portal\/wp-json\/wp\/v2\/pages\/33631\/revisions\/33636"}],"wp:featuredmedia":[{"embeddable":true,"href":"https:\/\/intep.edu.co\/portal\/wp-json\/wp\/v2\/media\/33632"}],"wp:attachment":[{"href":"https:\/\/intep.edu.co\/portal\/wp-json\/wp\/v2\/media?parent=33631"}],"curies":[{"name":"wp","href":"https:\/\/api.w.org\/{rel}","templated":true}]}}