{"id":34036,"date":"2026-02-26T15:59:26","date_gmt":"2026-02-26T20:59:26","guid":{"rendered":"https:\/\/intep.edu.co\/portal\/?page_id=34036"},"modified":"2026-02-26T15:59:30","modified_gmt":"2026-02-26T20:59:30","slug":"formatos-para-la-presentacion-de-la-propuesta-de-trabajo-de-grado-y-de-investigacion-en-los-ciclos-tecnologico-y-profesional","status":"publish","type":"page","link":"https:\/\/intep.edu.co\/portal\/formatos-para-la-presentacion-de-la-propuesta-de-trabajo-de-grado-y-de-investigacion-en-los-ciclos-tecnologico-y-profesional\/","title":{"rendered":"Formatos para la Presentaci\u00f3n de la Propuesta de Trabajo de Grado y de Investigaci\u00f3n en los Ciclos Tecnol\u00f3gico y Profesional"},"content":{"rendered":"","protected":false},"excerpt":{"rendered":"","protected":false},"author":4,"featured_media":0,"parent":0,"menu_order":0,"comment_status":"closed","ping_status":"closed","template":"","meta":{"_price":"","_stock":"","_tribe_ticket_header":"","_tribe_default_ticket_provider":"","_ticket_start_date":"","_ticket_end_date":"","_tribe_ticket_show_description":"","_tribe_ticket_show_not_going":false,"_tribe_ticket_use_global_stock":"","_tribe_ticket_global_stock_level":"","_global_stock_mode":"","_global_stock_cap":"","_tribe_rsvp_for_event":"","_tribe_ticket_going_count":"","_tribe_ticket_not_going_count":"","_tribe_tickets_list":"[]","_tribe_ticket_has_attendee_info_fields":false,"footnotes":"","_tec_slr_enabled":"","_tec_slr_layout":""},"class_list":["post-34036","page","type-page","status-publish","hentry"],"ticketed":false,"_links":{"self":[{"href":"https:\/\/intep.edu.co\/portal\/wp-json\/wp\/v2\/pages\/34036","targetHints":{"allow":["GET"]}}],"collection":[{"href":"https:\/\/intep.edu.co\/portal\/wp-json\/wp\/v2\/pages"}],"about":[{"href":"https:\/\/intep.edu.co\/portal\/wp-json\/wp\/v2\/types\/page"}],"author":[{"embeddable":true,"href":"https:\/\/intep.edu.co\/portal\/wp-json\/wp\/v2\/users\/4"}],"replies":[{"embeddable":true,"href":"https:\/\/intep.edu.co\/portal\/wp-json\/wp\/v2\/comments?post=34036"}],"version-history":[{"count":2,"href":"https:\/\/intep.edu.co\/portal\/wp-json\/wp\/v2\/pages\/34036\/revisions"}],"predecessor-version":[{"id":34041,"href":"https:\/\/intep.edu.co\/portal\/wp-json\/wp\/v2\/pages\/34036\/revisions\/34041"}],"wp:attachment":[{"href":"https:\/\/intep.edu.co\/portal\/wp-json\/wp\/v2\/media?parent=34036"}],"curies":[{"name":"wp","href":"https:\/\/api.w.org\/{rel}","templated":true}]}}